{"id":1766,"date":"2024-04-21T14:33:06","date_gmt":"2024-04-21T12:33:06","guid":{"rendered":"https:\/\/www.rsk1950.de\/wordpress\/?page_id=1766"},"modified":"2025-09-19T18:09:15","modified_gmt":"2025-09-19T16:09:15","slug":"jugend-flyer","status":"publish","type":"page","link":"https:\/\/www.rsk1950.de\/wordpress\/?page_id=1766","title":{"rendered":"Jugend Spielbetrieb und Training"},"content":{"rendered":"<p><\/p>\n<div><img decoding=\"async\" src=\"https:\/\/tse3.mm.bing.net\/th\/id\/OIP.qtCsRQj2WHsd-SWy_lykxQHaFk?r=0&amp;cb=thfvnext&amp;pid=Api\" alt=\"Premium Vector | Children playing chess cartoon vector\" \/>\u00a0 \u00a0 \u00a0 \u00a0 \u00a0 \u00a0 \u00a0 \u00a0 \u00a0 \u00a0 \u00a0 \u00a0 \u00a0 <img loading=\"lazy\" decoding=\"async\" class=\"alignnone wp-image-3187\" src=\"https:\/\/www.rsk1950.de\/wordpress\/wp-content\/uploads\/2025\/09\/IMG_5392-300x225.jpg\" alt=\"\" width=\"365\" height=\"274\" srcset=\"https:\/\/www.rsk1950.de\/wordpress\/wp-content\/uploads\/2025\/09\/IMG_5392-300x225.jpg 300w, https:\/\/www.rsk1950.de\/wordpress\/wp-content\/uploads\/2025\/09\/IMG_5392-1024x768.jpg 1024w, https:\/\/www.rsk1950.de\/wordpress\/wp-content\/uploads\/2025\/09\/IMG_5392-768x576.jpg 768w, https:\/\/www.rsk1950.de\/wordpress\/wp-content\/uploads\/2025\/09\/IMG_5392-1536x1152.jpg 1536w, https:\/\/www.rsk1950.de\/wordpress\/wp-content\/uploads\/2025\/09\/IMG_5392-2048x1536.jpg 2048w\" sizes=\"auto, (max-width: 365px) 100vw, 365px\" \/><\/div>\n<div><\/div>\n<div><\/div>\n<div><img loading=\"lazy\" decoding=\"async\" class=\"alignleft wp-image-3164\" src=\"https:\/\/www.rsk1950.de\/wordpress\/wp-content\/uploads\/2025\/09\/LOGO_2.bmp\" alt=\"\" width=\"470\" height=\"449\" \/><\/div>\n<div><\/div>\n<div><\/div>\n<div><\/div>\n<div><\/div>\n<div><strong>Bitte unbedingt um Voranmeldung!<\/strong><\/div>\n<div>Bitte eine WhatsApp schicken: 015229429878<\/div>\n<div>oder per E-Mail: DirkLiedtke@gmx.de<\/div>\n<div><\/div>\n<div id=\"338317EditableDivID--xx--yy--42\">Unsere Jugend Spiel- und Trainingszeiten sind aktuell:<\/div>\n<div>(Au\u00dferhalb der Ferien) Donnerstags von 17:30 bis ca. 19:00 Uhr<\/div>\n<div id=\"338317EditableDivID--xx--yy--42\">sowie Samstags f\u00fcr Fortgeschrittene mit Turniererfahrung von 10:00 bis 12:00 Uhr<\/div>\n<div id=\"338317EditableDivID--xx--yy--42\">F\u00fcr Anf\u00e4nger und leicht Fortgeschrittene ohne Turniererfahrung von 10:00 Uhr bis 11:30 Uhr<\/div>\n<div id=\"338317EditableDivID--xx--yy--42\"><\/div>\n<div id=\"338317EditableDivID--xx--yy--42\">Sie finden uns im St\u00e4dtischen Jugendhaus, Stadionring 9, im Erdgeschoss an der Treppe rechts.<\/div>\n<div id=\"338317EditableDivID--xx--yy--42\"><\/div>\n<div id=\"338317EditableDivID--xx--yy--42\">Viele Gr\u00fc\u00dfe<\/div>\n<div id=\"338317EditableDivID--xx--yy--42\">Dirk Liedtke<\/div>\n<div id=\"338317EditableDivID--xx--yy--42\">1. Vorsitzender Ratinger Schachklub<\/div>\n<div id=\"338317EditableDivID--xx--yy--42\"><\/div>\n<p>&nbsp;<\/p>\n<p>&nbsp;<\/p>\n","protected":false},"excerpt":{"rendered":"<p>\u00a0 \u00a0 \u00a0 \u00a0 \u00a0 \u00a0 \u00a0 \u00a0 \u00a0 \u00a0 \u00a0 \u00a0 \u00a0 Bitte unbedingt um Voranmeldung! Bitte eine WhatsApp schicken: 015229429878 oder per E-Mail: DirkLiedtke@gmx.de Unsere Jugend Spiel- und Trainingszeiten sind aktuell: (Au\u00dferhalb der Ferien) Donnerstags von 17:30 bis ca. 19:00 Uhr sowie Samstags f\u00fcr Fortgeschrittene mit Turniererfahrung von 10:00 bis 12:00 Uhr F\u00fcr <a class=\"read-more-link\" href=\"https:\/\/www.rsk1950.de\/wordpress\/?page_id=1766\">Weiterlesen<\/a><\/p>\n","protected":false},"author":1,"featured_media":0,"parent":0,"menu_order":0,"comment_status":"closed","ping_status":"closed","template":"","meta":{"neve_meta_sidebar":"","neve_meta_container":"","neve_meta_enable_content_width":"off","neve_meta_content_width":100,"neve_meta_title_alignment":"","neve_meta_author_avatar":"","neve_post_elements_order":"","neve_meta_disable_header":"","neve_meta_disable_footer":"","neve_meta_disable_title":"on","footnotes":""},"class_list":["post-1766","page","type-page","status-publish","hentry"],"_links":{"self":[{"href":"https:\/\/www.rsk1950.de\/wordpress\/index.php?rest_route=\/wp\/v2\/pages\/1766","targetHints":{"allow":["GET"]}}],"collection":[{"href":"https:\/\/www.rsk1950.de\/wordpress\/index.php?rest_route=\/wp\/v2\/pages"}],"about":[{"href":"https:\/\/www.rsk1950.de\/wordpress\/index.php?rest_route=\/wp\/v2\/types\/page"}],"author":[{"embeddable":true,"href":"https:\/\/www.rsk1950.de\/wordpress\/index.php?rest_route=\/wp\/v2\/users\/1"}],"replies":[{"embeddable":true,"href":"https:\/\/www.rsk1950.de\/wordpress\/index.php?rest_route=%2Fwp%2Fv2%2Fcomments&post=1766"}],"version-history":[{"count":15,"href":"https:\/\/www.rsk1950.de\/wordpress\/index.php?rest_route=\/wp\/v2\/pages\/1766\/revisions"}],"predecessor-version":[{"id":3193,"href":"https:\/\/www.rsk1950.de\/wordpress\/index.php?rest_route=\/wp\/v2\/pages\/1766\/revisions\/3193"}],"wp:attachment":[{"href":"https:\/\/www.rsk1950.de\/wordpress\/index.php?rest_route=%2Fwp%2Fv2%2Fmedia&parent=1766"}],"curies":[{"name":"wp","href":"https:\/\/api.w.org\/{rel}","templated":true}]}}