{"id":217,"date":"2023-03-14T11:45:47","date_gmt":"2023-03-14T10:45:47","guid":{"rendered":"https:\/\/www.rsk1950.de\/wordpress\/?page_id=217"},"modified":"2025-03-23T08:15:06","modified_gmt":"2025-03-23T07:15:06","slug":"verein","status":"publish","type":"page","link":"https:\/\/www.rsk1950.de\/wordpress\/?page_id=217","title":{"rendered":"Verein"},"content":{"rendered":"<h1>Der Verein<\/h1>\n<p><b>vorweg: Die Seele des Vereins &#8230;<\/b><\/p>\n<p><img loading=\"lazy\" decoding=\"async\" src=\"https:\/\/www.rsk1950.de\/old\/images\/frau_kloeckner_480.gif\" alt=\"\" width=\"316\" height=\"258\" border=\"0\" \/><\/p>\n<h3>Eva Kl\u00f6ckner<\/h3>\n<p><b><br \/>\n1.Vorsitzender<\/b><br \/>\nDirk Liedtke<\/p>\n<p><b>2.Vorsitzender<\/b><br \/>\nStephan Sch\u00f6n<\/p>\n<p><b>1.Spielleiter<\/b><br \/>\nFabian Skoerys<\/p>\n<p><b>2.Spielleiter<\/b><br \/>\nWalter Grosser<\/p>\n<p><b>Jugendleiter<\/b><br \/>\nJ\u00fcrgen Deschner<\/p>\n<p><b>Schachwart<\/b><br \/>\nTorsten Baublies<\/p>\n<p><b>Kassenwart<\/b><br \/>\nThomas Neufeind<\/p>\n<p><b>Pressewart<br \/>\n<\/b>vakant<\/p>\n<p><b>Ehrenvorsitzender<\/b><br \/>\nKlaus Trommer<\/p>\n","protected":false},"excerpt":{"rendered":"<p>Der Verein vorweg: Die Seele des Vereins &#8230; Eva Kl\u00f6ckner 1.Vorsitzender Dirk Liedtke 2.Vorsitzender Stephan Sch\u00f6n 1.Spielleiter Fabian Skoerys 2.Spielleiter Walter Grosser Jugendleiter J\u00fcrgen Deschner Schachwart Torsten Baublies Kassenwart Thomas Neufeind Pressewart vakant Ehrenvorsitzender Klaus Trommer<\/p>\n","protected":false},"author":1,"featured_media":0,"parent":0,"menu_order":0,"comment_status":"closed","ping_status":"closed","template":"","meta":{"neve_meta_sidebar":"","neve_meta_container":"","neve_meta_enable_content_width":"off","neve_meta_content_width":100,"neve_meta_title_alignment":"","neve_meta_author_avatar":"","neve_post_elements_order":"","neve_meta_disable_header":"","neve_meta_disable_footer":"","neve_meta_disable_title":"on","footnotes":""},"class_list":["post-217","page","type-page","status-publish","hentry"],"_links":{"self":[{"href":"https:\/\/www.rsk1950.de\/wordpress\/index.php?rest_route=\/wp\/v2\/pages\/217","targetHints":{"allow":["GET"]}}],"collection":[{"href":"https:\/\/www.rsk1950.de\/wordpress\/index.php?rest_route=\/wp\/v2\/pages"}],"about":[{"href":"https:\/\/www.rsk1950.de\/wordpress\/index.php?rest_route=\/wp\/v2\/types\/page"}],"author":[{"embeddable":true,"href":"https:\/\/www.rsk1950.de\/wordpress\/index.php?rest_route=\/wp\/v2\/users\/1"}],"replies":[{"embeddable":true,"href":"https:\/\/www.rsk1950.de\/wordpress\/index.php?rest_route=%2Fwp%2Fv2%2Fcomments&post=217"}],"version-history":[{"count":11,"href":"https:\/\/www.rsk1950.de\/wordpress\/index.php?rest_route=\/wp\/v2\/pages\/217\/revisions"}],"predecessor-version":[{"id":2718,"href":"https:\/\/www.rsk1950.de\/wordpress\/index.php?rest_route=\/wp\/v2\/pages\/217\/revisions\/2718"}],"wp:attachment":[{"href":"https:\/\/www.rsk1950.de\/wordpress\/index.php?rest_route=%2Fwp%2Fv2%2Fmedia&parent=217"}],"curies":[{"name":"wp","href":"https:\/\/api.w.org\/{rel}","templated":true}]}}