{"id":589,"date":"2023-06-23T11:30:40","date_gmt":"2023-06-23T09:30:40","guid":{"rendered":"https:\/\/www.rsk1950.de\/wordpress\/?page_id=589"},"modified":"2026-01-03T21:05:27","modified_gmt":"2026-01-03T20:05:27","slug":"training","status":"publish","type":"page","link":"https:\/\/www.rsk1950.de\/wordpress\/?page_id=589","title":{"rendered":"Training"},"content":{"rendered":"<div id=\"w2dpicturegrid164170afdf1211b08\">\n<div class=\"w2dpicturegridcontainer\"><a class=\"w2dpicturegridpicturelink\" href=\"https:\/\/www.rsk1950.de\/old\/images\/big164170afdf1211b081.jpg#800x590\"><img decoding=\"async\" class=\"w2dpicturegridsmall\" src=\"https:\/\/www.rsk1950.de\/old\/images\/sml164170afdf1211b081.jpg\" alt=\"\" \/><\/a><a class=\"w2dpicturegridpicturelink\" href=\"https:\/\/www.rsk1950.de\/old\/images\/big164170afdf1211b082.jpg#534x600\"><img decoding=\"async\" class=\"w2dpicturegridsmall\" src=\"https:\/\/www.rsk1950.de\/old\/images\/sml164170afdf1211b082.jpg\" alt=\"\" \/><\/a><\/div>\n<div class=\"w2dpicturegridcontainer\"><\/div>\n<div class=\"w2dpicturegridcontainer\"><a class=\"w2dpicturegridpicturelink\" href=\"https:\/\/www.rsk1950.de\/old\/images\/big164170afdf1211b083.jpg#800x600\"><img decoding=\"async\" class=\"w2dpicturegridsmall\" src=\"https:\/\/www.rsk1950.de\/old\/images\/sml164170afdf1211b083.jpg\" alt=\"\" \/><\/a><\/div>\n<\/div>\n<div class=\"w2dpicturegridcontainer\"><\/div>\n<div><strong>Trainingstermine mit GM Berelowitsch 1. Halbjahr 2026:<\/strong><\/div>\n<div>Der Trainingsauftakt nach dem Jahreswechsel ist voraussichtlich am 10.2.2026.<\/div>\n<div>Weitere Termine:<\/p>\n<div>24. Februar<\/div>\n<div>10. M\u00e4rz<\/div>\n<div>24. M\u00e4rz<\/div>\n<div>14. April<\/div>\n<div>28. April<\/div>\n<div>5. Mai<\/div>\n<div>19. Mai<\/div>\n<div>2. Juni<\/div>\n<div>16. Juni<\/div>\n<div>30. Juni<\/div>\n<div><\/div>\n<\/div>\n<p>Der Ratinger Schachklub bietet Trainingsstunden f\u00fcr alle Spielst\u00e4rken an.<\/p>\n<p>Jugendtraining<br \/>\nDas Jugendtraining findet Samstags ab 10 Uhr in Absprache mit den Kindern und Jugendlichen statt.<\/p>\n<p>Jugend-Spielbetrieb<br \/>\nImmer Donnerstags, ab 17:30 Uhr (nicht in den Schulferien).<br \/>\nBegleitet wird der Jugend-Spielbetrieb von Rafael Katz.<\/p>\n<p>Das Trainingsangebot vom\u00a0<b>GM Alexander Berelowitsch<\/b> richtet sich an Vereinsspieler jeder Spielst\u00e4rke.<\/p>\n<p>Neue Interessenten werden um Voranmeldung gebeten.<br \/>\nDirkLiedtke @ gmx.de oder<br \/>\nMobil: 015229429878<\/p>\n","protected":false},"excerpt":{"rendered":"<p>Trainingstermine mit GM Berelowitsch 1. Halbjahr 2026: Der Trainingsauftakt nach dem Jahreswechsel ist voraussichtlich am 10.2.2026. Weitere Termine: 24. Februar 10. M\u00e4rz 24. M\u00e4rz 14. April 28. April 5. Mai 19. Mai 2. Juni 16. Juni 30. Juni Der Ratinger Schachklub bietet Trainingsstunden f\u00fcr alle Spielst\u00e4rken an. Jugendtraining Das Jugendtraining findet Samstags ab 10 Uhr <a class=\"read-more-link\" href=\"https:\/\/www.rsk1950.de\/wordpress\/?page_id=589\">Weiterlesen<\/a><\/p>\n","protected":false},"author":1,"featured_media":0,"parent":0,"menu_order":0,"comment_status":"closed","ping_status":"closed","template":"","meta":{"neve_meta_sidebar":"","neve_meta_container":"","neve_meta_enable_content_width":"off","neve_meta_content_width":100,"neve_meta_title_alignment":"","neve_meta_author_avatar":"","neve_post_elements_order":"","neve_meta_disable_header":"","neve_meta_disable_footer":"","neve_meta_disable_title":"on","footnotes":""},"class_list":["post-589","page","type-page","status-publish","hentry"],"_links":{"self":[{"href":"https:\/\/www.rsk1950.de\/wordpress\/index.php?rest_route=\/wp\/v2\/pages\/589","targetHints":{"allow":["GET"]}}],"collection":[{"href":"https:\/\/www.rsk1950.de\/wordpress\/index.php?rest_route=\/wp\/v2\/pages"}],"about":[{"href":"https:\/\/www.rsk1950.de\/wordpress\/index.php?rest_route=\/wp\/v2\/types\/page"}],"author":[{"embeddable":true,"href":"https:\/\/www.rsk1950.de\/wordpress\/index.php?rest_route=\/wp\/v2\/users\/1"}],"replies":[{"embeddable":true,"href":"https:\/\/www.rsk1950.de\/wordpress\/index.php?rest_route=%2Fwp%2Fv2%2Fcomments&post=589"}],"version-history":[{"count":17,"href":"https:\/\/www.rsk1950.de\/wordpress\/index.php?rest_route=\/wp\/v2\/pages\/589\/revisions"}],"predecessor-version":[{"id":3395,"href":"https:\/\/www.rsk1950.de\/wordpress\/index.php?rest_route=\/wp\/v2\/pages\/589\/revisions\/3395"}],"wp:attachment":[{"href":"https:\/\/www.rsk1950.de\/wordpress\/index.php?rest_route=%2Fwp%2Fv2%2Fmedia&parent=589"}],"curies":[{"name":"wp","href":"https:\/\/api.w.org\/{rel}","templated":true}]}}